{"id":56,"date":"2024-08-08T16:08:50","date_gmt":"2024-08-08T16:08:50","guid":{"rendered":"https:\/\/www.borrings.dk\/?page_id=56"},"modified":"2025-05-01T17:03:10","modified_gmt":"2025-05-01T17:03:10","slug":"laser","status":"publish","type":"page","link":"https:\/\/www.borrings.dk\/?page_id=56","title":{"rendered":"Laser"},"content":{"rendered":"\n<ul class=\"wp-block-list\">\n<li>Lasersk\u00e6ring i tr\u00e6, akryl, l\u00e6der, stof, pap og papir<\/li>\n\n\n\n<li>Lasergravering i tr\u00e6, akryl, metal, l\u00e6der, stof, pap, papir, glas og fliser<\/li>\n<\/ul>\n\n\n\n<p>G\u00f8r det personligt med navn eller logo, uanset antal.<\/p>\n\n\n\n<p>Kontakt mig for at h\u00f8re om muligheder og priser.<\/p>\n\n\n\n<p><\/p>\n","protected":false},"excerpt":{"rendered":"<p>G\u00f8r det personligt med navn eller logo, uanset antal. Kontakt mig for at h\u00f8re om muligheder og priser.<\/p>\n","protected":false},"author":1,"featured_media":0,"parent":0,"menu_order":0,"comment_status":"closed","ping_status":"closed","template":"","meta":{"footnotes":""},"class_list":["post-56","page","type-page","status-publish","hentry"],"_links":{"self":[{"href":"https:\/\/www.borrings.dk\/index.php?rest_route=\/wp\/v2\/pages\/56","targetHints":{"allow":["GET"]}}],"collection":[{"href":"https:\/\/www.borrings.dk\/index.php?rest_route=\/wp\/v2\/pages"}],"about":[{"href":"https:\/\/www.borrings.dk\/index.php?rest_route=\/wp\/v2\/types\/page"}],"author":[{"embeddable":true,"href":"https:\/\/www.borrings.dk\/index.php?rest_route=\/wp\/v2\/users\/1"}],"replies":[{"embeddable":true,"href":"https:\/\/www.borrings.dk\/index.php?rest_route=%2Fwp%2Fv2%2Fcomments&post=56"}],"version-history":[{"count":3,"href":"https:\/\/www.borrings.dk\/index.php?rest_route=\/wp\/v2\/pages\/56\/revisions"}],"predecessor-version":[{"id":247,"href":"https:\/\/www.borrings.dk\/index.php?rest_route=\/wp\/v2\/pages\/56\/revisions\/247"}],"wp:attachment":[{"href":"https:\/\/www.borrings.dk\/index.php?rest_route=%2Fwp%2Fv2%2Fmedia&parent=56"}],"curies":[{"name":"wp","href":"https:\/\/api.w.org\/{rel}","templated":true}]}}